{"id":98,"date":"2023-05-29T12:51:18","date_gmt":"2023-05-29T12:51:18","guid":{"rendered":"https:\/\/cleanroom.ro\/?page_id=98"},"modified":"2023-10-11T22:59:32","modified_gmt":"2023-10-11T22:59:32","slug":"contact","status":"publish","type":"page","link":"https:\/\/cleanroom.ro\/ro\/contact\/","title":{"rendered":"CONTACT"},"content":{"rendered":"<section class=\"l-section wpb_row height_auto width_full\"><div class=\"l-section-h i-cf\"><div class=\"g-cols vc_row via_flex valign_top type_default stacking_default\"><div class=\"vc_col-sm-12 wpb_column vc_column_container\"><div class=\"vc_column-inner\"><div class=\"wpb_wrapper\"><div class=\"w-map provider_osm\" id=\"us_map_1\"><div class=\"w-map-inner\"><div class=\"w-map-json\" onclick='return {&quot;address&quot;:&quot;44.3953344,26.106055&quot;,&quot;disableDragging&quot;:0,&quot;disableZoom&quot;:1,&quot;hideControls&quot;:0,&quot;zoom&quot;:16,&quot;markers&quot;:[{&quot;address&quot;:&quot;44.3953344,26.106055&quot;,&quot;html&quot;:&quot;&lt;h6&gt;SC CCM IMPORT-EXPORT SRL&lt;\\\/h6&gt;&quot;,&quot;infowindow&quot;:&quot;1&quot;}],&quot;style&quot;:&quot;https:\\\/\\\/{s}.tile.openstreetmap.org\\\/{z}\\\/{x}\\\/{y}.png&quot;}'><\/div><\/div><\/div><\/div><\/div><\/div><\/div><\/div><\/section><section class=\"l-section wpb_row height_small\"><div class=\"l-section-h i-cf\"><div class=\"g-cols vc_row via_flex valign_top type_default stacking_default\"><div class=\"vc_col-sm-4 wpb_column vc_column_container\"><div class=\"vc_column-inner\"><div class=\"wpb_wrapper\"><div class=\"wpb_text_column\"><div class=\"wpb_wrapper\"><p><strong>SC CCM IMPORT-EXPORT SRL este membr\u0103 a grupului<\/strong><\/p>\n<\/div><\/div><div class=\"w-image align_none\"><div class=\"w-image-h\"><img decoding=\"async\" width=\"1024\" height=\"318\" src=\"https:\/\/cleanroom.ro\/wp-content\/uploads\/2023\/06\/logo-ADC-Group-negru-transparent-1024x318.png\" class=\"attachment-large size-large\" alt=\"\" loading=\"lazy\" srcset=\"https:\/\/cleanroom.ro\/wp-content\/uploads\/2023\/06\/logo-ADC-Group-negru-transparent-1024x318.png 1024w, https:\/\/cleanroom.ro\/wp-content\/uploads\/2023\/06\/logo-ADC-Group-negru-transparent-300x93.png 300w, https:\/\/cleanroom.ro\/wp-content\/uploads\/2023\/06\/logo-ADC-Group-negru-transparent.png 1428w\" sizes=\"auto, (max-width: 1024px) 100vw, 1024px\" \/><\/div><\/div><div class=\"wpb_text_column us_custom_972c33a7\" id=\"contact\"><div class=\"wpb_wrapper\"><p><strong>Adresa<br \/>\n<\/strong>str. Duminicii, nr. 25, sector 4, Bucure\u0219ti, Rom\u00e2nia<\/p>\n<p><strong>Telefon<br \/>\n<\/strong>0040 (0) 21 332.58.77<br \/>\n0040 (0) 21 332.58.78<br \/>\n<strong>Fax:<\/strong>\u00a0021 332.58.79<\/p>\n<p><strong>Email:<br \/>\n<\/strong>office@cleanroom.ro<\/p>\n<\/div><\/div><\/div><\/div><\/div><div class=\"vc_col-sm-8 wpb_column vc_column_container\"><div class=\"vc_column-inner\"><div class=\"wpb_wrapper\"><form class=\"w-form  us-field-style_1 layout_ver show_message_after_sending for_cform us_form_1\" action=\"https:\/\/cleanroom.ro\/ro\/wp-json\/wp\/v2\/pages\/98\" method=\"post\"><div class=\"w-form-h\"><div class=\"w-form-row for_text required\">\r\n\t\t<div class=\"w-form-row-field\">\r\n\t\t\t\t\t\t<input aria-label=\"Nume\" type=\"text\" name=\"us_form_1_text_1\" value placeholder=\"Nume *\" data-required=\"true\" aria-required=\"true\"\/>\r\n\t\t\t<\/div>\r\n\t\t<div class=\"w-form-row-state\">Fill out this field<\/div>\r\n<\/div>\r\n<div class=\"w-form-row for_email required\">\r\n\t\t<div class=\"w-form-row-field\">\r\n\t\t\t\t\t\t<input aria-label=\"Email\" type=\"email\" name=\"us_form_1_email_1\" value placeholder=\"Email *\" data-required=\"true\" aria-required=\"true\"\/>\r\n\t\t\t<\/div>\r\n\t\t<div class=\"w-form-row-state\">Te rog s\u0103 introduci o adres\u0103 de email valid\u0103.<\/div>\r\n<\/div>\r\n<div class=\"w-form-row for_text required\">\r\n\t\t<div class=\"w-form-row-field\">\r\n\t\t\t\t\t\t<input aria-label=\"Telefon\" inputmode=\"tel\" type=\"text\" name=\"us_form_1_text_2\" value placeholder=\"Telefon *\" data-required=\"true\" aria-required=\"true\"\/>\r\n\t\t\t<\/div>\r\n\t\t<div class=\"w-form-row-state\">Fill out this field<\/div>\r\n<\/div>\r\n<div class=\"w-form-row for_textarea required\">\r\n\t\t<div class=\"w-form-row-field\">\r\n\t\t\t\t\t\t<textarea aria-label=\"Mesaj\" name=\"us_form_1_textarea_1\" placeholder=\"Mesaj *\" data-required=\"true\" aria-required=\"true\"><\/textarea>\r\n\t\t\t<\/div>\r\n\t\t<div class=\"w-form-row-state\">Fill out this field<\/div>\r\n<\/div>\r\n<div class=\"w-form-row for_captcha has_label required\">\r\n\t<div class=\"w-form-row-label\">\r\n\t\t<span>ANTI-SPAM: <span>19 + 7 = ?<\/span><\/span>\r\n\t<\/div>\r\n\t<div class=\"w-form-row-field\">\r\n\t\t\t\t<input type=\"hidden\" name=\"us_form_1_captcha_1_hash\" value=\"2f0c5526d8036b92c07083a54614df34\" \/>\r\n\t\t\t\t<input aria-label=\"ANTI-SPAM:\" type=\"text\" name=\"us_form_1_captcha_1\" placeholder data-required=\"true\" aria-required=\"true\"\/>\r\n\t\t\t<\/div>\r\n\t\t<div class=\"w-form-row-state\">Enter the equation result to proceed<\/div>\r\n<\/div>\r\n<input type=\"hidden\" name=\"action\" value=\"us_ajax_cform\" \/>\r\n<input type=\"hidden\" name=\"post_id\" value=\"0\" \/>\r\n<input type=\"hidden\" name=\"form_index\" value=\"1\" \/>\r\n<div class=\"w-form-row for_submit align_none\">\r\n\t<button class=\"w-btn  us-btn-style_2\" aria-label=\"Trimite mesaj\" type=\"submit\">\r\n\t\t<span class=\"g-preloader type_1\"><\/span>\r\n\t\t\t\t<span class=\"w-btn-label\">Trimite mesaj<\/span>\r\n\t\t\t<\/button>\r\n\t<\/div>\r\n<\/div><div class=\"w-form-message\"><\/div><div class=\"w-form-json hidden\" onclick='return {&quot;ajaxurl&quot;:&quot;https:\\\/\\\/cleanroom.ro\\\/wp-admin\\\/admin-ajax.php&quot;,&quot;messages&quot;:{&quot;err_empty&quot;:&quot;Fill out this field&quot;,&quot;err_size&quot;:&quot;File size cannot exceed %s MB&quot;,&quot;err_extension&quot;:&quot;%s file type is not allowed&quot;,&quot;err_recaptcha_keys&quot;:&quot;reCAPTCHA keys are incorrect&quot;}}'><\/div><\/form><\/div><\/div><\/div><\/div><\/div><\/section>\n","protected":false},"excerpt":{"rendered":"SC CCM IMPORT-EXPORT SRL este membr\u0103 a grupului Adresa str. Duminicii, nr. 25, sector 4, Bucure\u0219ti, Rom\u00e2nia Telefon 0040 (0) 21 332.58.77 0040 (0) 21 332.58.78 Fax:\u00a0021 332.58.79 Email: office@cleanroom.ro Fill out this field Te rog s\u0103 introduci o adres\u0103 de email valid\u0103. Fill out this field Fill out this field ANTI-SPAM: 21 + 7...","protected":false},"author":1,"featured_media":0,"parent":0,"menu_order":0,"comment_status":"closed","ping_status":"closed","template":"","meta":{"footnotes":""},"class_list":["post-98","page","type-page","status-publish","hentry"],"_links":{"self":[{"href":"https:\/\/cleanroom.ro\/ro\/wp-json\/wp\/v2\/pages\/98","targetHints":{"allow":["GET"]}}],"collection":[{"href":"https:\/\/cleanroom.ro\/ro\/wp-json\/wp\/v2\/pages"}],"about":[{"href":"https:\/\/cleanroom.ro\/ro\/wp-json\/wp\/v2\/types\/page"}],"author":[{"embeddable":true,"href":"https:\/\/cleanroom.ro\/ro\/wp-json\/wp\/v2\/users\/1"}],"replies":[{"embeddable":true,"href":"https:\/\/cleanroom.ro\/ro\/wp-json\/wp\/v2\/comments?post=98"}],"version-history":[{"count":22,"href":"https:\/\/cleanroom.ro\/ro\/wp-json\/wp\/v2\/pages\/98\/revisions"}],"predecessor-version":[{"id":1375,"href":"https:\/\/cleanroom.ro\/ro\/wp-json\/wp\/v2\/pages\/98\/revisions\/1375"}],"wp:attachment":[{"href":"https:\/\/cleanroom.ro\/ro\/wp-json\/wp\/v2\/media?parent=98"}],"curies":[{"name":"wp","href":"https:\/\/api.w.org\/{rel}","templated":true}]}}