{"id":92,"date":"2023-05-29T12:42:31","date_gmt":"2023-05-29T12:42:31","guid":{"rendered":"https:\/\/cleanroom.ro\/?page_id=92"},"modified":"2023-10-11T23:30:16","modified_gmt":"2023-10-11T23:30:16","slug":"servicii","status":"publish","type":"page","link":"https:\/\/cleanroom.ro\/ro\/servicii\/","title":{"rendered":"SERVICII"},"content":{"rendered":"<section class=\"l-section wpb_row us_custom_ae99f6aa has_text_color height_small\"><div class=\"l-section-h i-cf\"><div class=\"g-cols vc_row via_flex valign_top type_default stacking_default\"><div class=\"vc_col-sm-12 wpb_column vc_column_container\"><div class=\"vc_column-inner\"><div class=\"wpb_wrapper\"><div class=\"wpb_text_column\"><div class=\"wpb_wrapper\"><h4 style=\"text-align: center;\"><strong class=\"content_titlu_galben\">CCM IMPORT-EXPORT<\/strong> v\u0103 ofer\u0103 solu\u021bii la cheie,<br \/>\npun\u00e2ndu-v\u0103 la dispozi\u021bie gama complet\u0103 de servicii specifice:<\/h4>\n<\/div><\/div><\/div><\/div><\/div><\/div><\/div><\/section><section class=\"l-section wpb_row us_custom_6df4bc3a has_text_color height_small\"><div class=\"l-section-overlay\" style=\"background:#074679\"><\/div><div class=\"l-section-h i-cf\"><div class=\"g-cols vc_row via_flex valign_top type_default stacking_default\"><div class=\"vc_col-sm-3 wpb_column vc_column_container\"><div class=\"vc_column-inner\"><div class=\"wpb_wrapper\"><div class=\"wpb_text_column us_custom_eb849559\"><div class=\"wpb_wrapper\"><h3 style=\"text-align: center;\">CONSULTAN\u021a\u0102<\/h3>\n<p style=\"text-align: center;\">Audit al instala\u021biilor existente<br \/>\nStudii de fezabilitate<br \/>\nEstim\u0103ri de buget<br \/>\nDefinire User Requirements<\/p>\n<\/div><\/div><\/div><\/div><\/div><div class=\"vc_col-sm-3 wpb_column vc_column_container\"><div class=\"vc_column-inner\"><div class=\"wpb_wrapper\"><div class=\"wpb_text_column us_custom_1f257949\"><div class=\"wpb_wrapper\"><h3 style=\"text-align: center;\">PROIECTARE<\/h3>\n<p style=\"text-align: center;\">Concept proiect<br \/>\nProiectare detaliat\u0103<br \/>\nProiectarea construc\u021biei<br \/>\nFinalizare fi\u0219ier tehnic<\/p>\n<\/div><\/div><\/div><\/div><\/div><div class=\"vc_col-sm-3 wpb_column vc_column_container\"><div class=\"vc_column-inner\"><div class=\"wpb_wrapper\"><div class=\"wpb_text_column us_custom_eb849559\"><div class=\"wpb_wrapper\"><h3 style=\"text-align: center;\">EXECU\u021aIE<\/h3>\n<p style=\"text-align: center;\">Management de proiect<br \/>\nFurnizare<br \/>\nInstalare<br \/>\nPunere \u00een func\u021biune<\/p>\n<\/div><\/div><\/div><\/div><\/div><div class=\"vc_col-sm-3 wpb_column vc_column_container\"><div class=\"vc_column-inner\"><div class=\"wpb_wrapper\"><div class=\"wpb_text_column us_custom_1f257949\"><div class=\"wpb_wrapper\"><h3 style=\"text-align: center;\">VALIDARE<\/h3>\n<p style=\"text-align: center;\">Calificarea proiect\u0103rii<br \/>\nCalificarea instala\u021biilor<br \/>\nCalificarea opera\u021bional\u0103<br \/>\nCalificarea procesului<\/p>\n<\/div><\/div><\/div><\/div><\/div><\/div><\/div><\/section><section class=\"l-section wpb_row height_small\"><div class=\"l-section-h i-cf\"><div class=\"g-cols vc_row via_flex valign_top type_default stacking_default\"><div class=\"vc_col-sm-12 wpb_column vc_column_container\"><div class=\"vc_column-inner\"><div class=\"wpb_wrapper\"><div class=\"g-cols wpb_row via_flex valign_middle type_default stacking_default\"><div class=\"vc_col-sm-4 wpb_column vc_column_container\"><div class=\"vc_column-inner\"><div class=\"wpb_wrapper\"><div class=\"wpb_text_column us_custom_413b840f\"><div class=\"wpb_wrapper\"><h3 style=\"text-align: right;\"><strong>PREZENTARE<\/strong><br \/>\n<strong>GENERAL\u0102 A<\/strong><br \/>\n<strong>PROIECTELOR<\/strong><\/h3>\n<\/div><\/div><\/div><\/div><\/div><div class=\"vc_col-sm-4 wpb_column vc_column_container\"><div class=\"vc_column-inner\"><div class=\"wpb_wrapper\"><div class=\"wpb_text_column\"><div class=\"wpb_wrapper\"><p style=\"text-align: center;\"><strong>Peste 50 de proiecte \u00een industria hi-tech<\/strong><\/p>\n<\/div><\/div>[vc_round_chart style=&#8221;modern&#8221; stroke_width=&#8221;2&#8243; legend_position=&#8221;bottom&#8221; values=&#8221;%5B%7B%22title%22%3A%22AUTOMOTIV%C4%82%22%2C%22value%22%3A%2240%22%2C%22color%22%3A%22blue%22%7D%2C%7B%22title%22%3A%22AEROSPA%C8%9AIAL%C4%82%22%2C%22value%22%3A%2220%22%2C%22color%22%3A%22pink%22%7D%2C%7B%22title%22%3A%22MICRO-ELECTRONIC%C4%82%22%2C%22value%22%3A%2220%22%2C%22color%22%3A%22turquoise%22%7D%2C%7B%22title%22%3A%22DISPOZITIVE%20OPTICE%22%2C%22value%22%3A%2210%22%2C%22color%22%3A%22violet%22%7D%2C%7B%22title%22%3A%22ALTELE%22%2C%22value%22%3A%2210%22%2C%22color%22%3A%22juicy-pink%22%7D%5D&#8221;]<\/div><\/div><\/div><div class=\"vc_col-sm-4 wpb_column vc_column_container\"><div class=\"vc_column-inner\"><div class=\"wpb_wrapper\"><div class=\"wpb_text_column\"><div class=\"wpb_wrapper\"><p style=\"text-align: center;\"><strong>Aplica\u021bii<\/strong><\/p>\n<\/div><\/div>[vc_round_chart style=&#8221;modern&#8221; stroke_width=&#8221;2&#8243; legend_position=&#8221;bottom&#8221; values=&#8221;%5B%7B%22title%22%3A%22FARMACEUTIC%C4%82%22%2C%22value%22%3A%2220%22%2C%22color%22%3A%22blue%22%7D%2C%7B%22title%22%3A%22SPITALE%22%2C%22value%22%3A%2215%22%2C%22color%22%3A%22pink%22%7D%2C%7B%22title%22%3A%22BIOTEHNOLOGIE%22%2C%22value%22%3A%2210%22%2C%22color%22%3A%22turquoise%22%7D%2C%7B%22title%22%3A%22HI-TECH%22%2C%22value%22%3A%2255%22%2C%22color%22%3A%22sky%22%7D%5D&#8221;]<\/div><\/div><\/div><\/div><\/div><\/div><\/div><\/div><\/div><\/section><section class=\"l-section wpb_row us_custom_ae99f6aa has_text_color height_small\"><div class=\"l-section-h i-cf\"><div class=\"g-cols vc_row via_flex valign_top type_default stacking_default\"><div class=\"vc_col-sm-12 wpb_column vc_column_container\"><div class=\"vc_column-inner\"><div class=\"wpb_wrapper\"><div class=\"wpb_text_column\"><div class=\"wpb_wrapper\"><h2>Utilizare \u00een industrie a camerelor curate<\/h2>\n<p>Aceste spa\u021bii proiectate sunt indispensabile \u00een industriile care necesit\u0103 un control strict asupra contamin\u0103rii. \u00cen <strong>sectorul farmaceutic<\/strong>, camerele curate sunt cruciale pentru fabricarea medicamentelor \u0219i a produselor sterile. Ele previn contaminarea \u00eencruci\u0219at\u0103 \u0219i protejeaz\u0103 integritatea compu\u0219ilor farmaceutici sensibili.<\/p>\n<p>\u00cen mod similar, industria microelectronic\u0103 \u0219i a semiconductoarelor se bazeaz\u0103 pe camerele curate pentru a proteja componentele electronice delicate de praf \u0219i desc\u0103rc\u0103ri statice \u00een timpul proceselor de fabrica\u021bie. <strong>Biotehnologia \u0219i fabricarea dispozitivelor medicale<\/strong> depind, de asemenea, \u00een mare m\u0103sur\u0103 de camerele curate pentru a asigura siguran\u021ba \u0219i calitatea produselor.<\/p>\n<p><strong>Industria aerospa\u021bial\u0103<\/strong> folose\u0219te pe scar\u0103 larg\u0103 camerele curate pentru asamblarea \u0219i testarea navelor spa\u021biale, sateli\u021bilor \u0219i componentelor sensibile. Cerin\u021bele exigente ale explor\u0103rii spa\u021biului necesit\u0103 cea mai mare cur\u0103\u021benie pentru a evita defec\u021biunile sistemului cauzate chiar \u0219i de cele mai mici particule.<\/p>\n<p>Mai mult, facilit\u0103\u021bile de cercetare \u0219i dezvoltare care se ocup\u0103 de experimente sensibile, cum ar fi <strong>nanotehnologia \u0219i ingineria genetic\u0103<\/strong>, necesit\u0103 camere curate pentru a men\u021bine mediile necontaminate \u0219i pentru a asigura rezultate precise.<\/p>\n<\/div><\/div><\/div><\/div><\/div><\/div><\/div><\/section><section class=\"l-section wpb_row height_auto\"><div class=\"l-section-overlay\" style=\"background:#074679\"><\/div><div class=\"l-section-h i-cf\"><div class=\"g-cols vc_row via_flex valign_top type_default stacking_default\"><div class=\"vc_col-sm-12 wpb_column vc_column_container\"><div class=\"vc_column-inner\"><div class=\"wpb_wrapper\"><div class=\"g-cols wpb_row us_custom_4af741be via_flex valign_top type_default stacking_default\"><div class=\"vc_col-sm-4 wpb_column vc_column_container box has-link\"><div class=\"vc_column-inner us_custom_99817634\"><div class=\"wpb_wrapper\"><div class=\"w-iconbox iconpos_top style_default color_primary align_center no_text no_title icontype_img\"><div class=\"w-iconbox-icon\" style=\"font-size:4rem;\"><img loading=\"lazy\" decoding=\"async\" width=\"100\" height=\"100\" src=\"https:\/\/cleanroom.ro\/wp-content\/uploads\/2023\/05\/icons8-laboratory-100.png\" class=\"attachment-full size-full\" alt=\"\" \/><\/div><div class=\"w-iconbox-meta\"><\/div><\/div><div class=\"wpb_text_column us_custom_d44d8758 has_text_color\"><div class=\"wpb_wrapper\"><h3 style=\"text-align: center;\">Rezultate de calitate<\/h3>\n<p style=\"text-align: center;\">Oferim un pachet complet de servicii, ad\u0103ug\u00e2nd plus-valoare investi\u021biilor clien\u021bilor no\u0219tri: calitate, valoare, timp, flexibilitate, management al riscului.<\/p>\n<\/div><\/div><\/div><\/div><a href=\"#\" class=\"vc_column-link smooth-scroll\" aria-label=\"Leg\u0103tur\u0103\"><\/a><\/div><div class=\"vc_col-sm-4 wpb_column vc_column_container box has-link\"><div class=\"vc_column-inner us_custom_99817634\"><div class=\"wpb_wrapper\"><div class=\"w-iconbox iconpos_top style_default color_primary align_center no_text no_title icontype_img\"><div class=\"w-iconbox-icon\" style=\"font-size:4rem;\"><img loading=\"lazy\" decoding=\"async\" width=\"64\" height=\"64\" src=\"https:\/\/cleanroom.ro\/wp-content\/uploads\/2023\/05\/icons8-laboratory-64.png\" class=\"attachment-full size-full\" alt=\"\" \/><\/div><div class=\"w-iconbox-meta\"><\/div><\/div><div class=\"wpb_text_column us_custom_d44d8758 has_text_color\"><div class=\"wpb_wrapper\"><h3 style=\"text-align: center;\">Solu\u021bii inovative<\/h3>\n<p style=\"text-align: center;\">\u0218tiind c\u0103 fiecare client este unic, ne asigur\u0103m c\u0103 solu\u021biile noastre vor fi riguros adaptate proiectelor dumneavoastr\u0103.<\/p>\n<\/div><\/div><\/div><\/div><a href=\"#\" class=\"vc_column-link smooth-scroll\" aria-label=\"Leg\u0103tur\u0103\"><\/a><\/div><div class=\"vc_col-sm-4 wpb_column vc_column_container box has-link\"><div class=\"vc_column-inner us_custom_99817634\"><div class=\"wpb_wrapper\"><div class=\"w-iconbox iconpos_top style_default color_primary align_center no_text no_title icontype_img\"><div class=\"w-iconbox-icon\" style=\"font-size:4rem;\"><img loading=\"lazy\" decoding=\"async\" width=\"64\" height=\"64\" src=\"https:\/\/cleanroom.ro\/wp-content\/uploads\/2023\/05\/icons8-personal-64.png\" class=\"attachment-full size-full\" alt=\"\" \/><\/div><div class=\"w-iconbox-meta\"><\/div><\/div><div class=\"wpb_text_column us_custom_d44d8758 has_text_color\"><div class=\"wpb_wrapper\"><h3 style=\"text-align: center;\">Personal calificat<\/h3>\n<p style=\"text-align: center;\">Speciali\u0219tii no\u0219tri sunt implica\u021bi \u00een toate etapele proiectului, analiz\u00e2nd cerin\u021bele, urm\u0103rind progresul lucr\u0103rilor, estim\u00e2nd riscurile \u0219i reprezent\u00e2nd profesional clien\u021bii.<\/p>\n<\/div><\/div><\/div><\/div><a href=\"#\" class=\"vc_column-link smooth-scroll\" aria-label=\"Leg\u0103tur\u0103\"><\/a><\/div><\/div><\/div><\/div><\/div><\/div><\/div><\/section>\n","protected":false},"excerpt":{"rendered":"CCM IMPORT-EXPORT v\u0103 ofer\u0103 solu\u021bii la cheie, pun\u00e2ndu-v\u0103 la dispozi\u021bie gama complet\u0103 de servicii specifice: CONSULTAN\u021a\u0102 Audit al instala\u021biilor existente Studii de fezabilitate Estim\u0103ri de buget Definire User Requirements PROIECTARE Concept proiect Proiectare detaliat\u0103 Proiectarea construc\u021biei Finalizare fi\u0219ier tehnic EXECU\u021aIE Management de proiect Furnizare Instalare Punere \u00een func\u021biune VALIDARE Calificarea proiect\u0103rii Calificarea instala\u021biilor Calificarea opera\u021bional\u0103...","protected":false},"author":1,"featured_media":0,"parent":0,"menu_order":0,"comment_status":"closed","ping_status":"closed","template":"","meta":{"footnotes":""},"class_list":["post-92","page","type-page","status-publish","hentry"],"_links":{"self":[{"href":"https:\/\/cleanroom.ro\/ro\/wp-json\/wp\/v2\/pages\/92","targetHints":{"allow":["GET"]}}],"collection":[{"href":"https:\/\/cleanroom.ro\/ro\/wp-json\/wp\/v2\/pages"}],"about":[{"href":"https:\/\/cleanroom.ro\/ro\/wp-json\/wp\/v2\/types\/page"}],"author":[{"embeddable":true,"href":"https:\/\/cleanroom.ro\/ro\/wp-json\/wp\/v2\/users\/1"}],"replies":[{"embeddable":true,"href":"https:\/\/cleanroom.ro\/ro\/wp-json\/wp\/v2\/comments?post=92"}],"version-history":[{"count":30,"href":"https:\/\/cleanroom.ro\/ro\/wp-json\/wp\/v2\/pages\/92\/revisions"}],"predecessor-version":[{"id":1366,"href":"https:\/\/cleanroom.ro\/ro\/wp-json\/wp\/v2\/pages\/92\/revisions\/1366"}],"wp:attachment":[{"href":"https:\/\/cleanroom.ro\/ro\/wp-json\/wp\/v2\/media?parent=92"}],"curies":[{"name":"wp","href":"https:\/\/api.w.org\/{rel}","templated":true}]}}