{"id":89,"date":"2023-05-29T12:39:32","date_gmt":"2023-05-29T12:39:32","guid":{"rendered":"https:\/\/cleanroom.ro\/?page_id=89"},"modified":"2023-10-11T22:43:20","modified_gmt":"2023-10-11T22:43:20","slug":"despre-noi","status":"publish","type":"page","link":"https:\/\/cleanroom.ro\/ro\/despre-noi\/","title":{"rendered":"DESPRE NOI"},"content":{"rendered":"<section class=\"l-section wpb_row height_medium\"><div class=\"l-section-h i-cf\"><div class=\"g-cols vc_row via_flex valign_top type_default stacking_default\"><div class=\"vc_col-sm-12 wpb_column vc_column_container\"><div class=\"vc_column-inner\"><div class=\"wpb_wrapper\"><div class=\"g-cols wpb_row via_flex valign_top type_default stacking_default\"><div class=\"vc_col-sm-6 wpb_column vc_column_container\"><div class=\"vc_column-inner\"><div class=\"wpb_wrapper\"><div class=\"w-image align_center\"><div class=\"w-image-h\"><img decoding=\"async\" width=\"500\" height=\"190\" src=\"https:\/\/cleanroom.ro\/wp-content\/uploads\/2023\/09\/CCM-30-de-ani-web.jpg\" class=\"attachment-large size-large\" alt=\"CCM - 30 de ani\" loading=\"lazy\" srcset=\"https:\/\/cleanroom.ro\/wp-content\/uploads\/2023\/09\/CCM-30-de-ani-web.jpg 500w, https:\/\/cleanroom.ro\/wp-content\/uploads\/2023\/09\/CCM-30-de-ani-web-300x114.jpg 300w\" sizes=\"auto, (max-width: 500px) 100vw, 500px\" \/><\/div><\/div><\/div><\/div><\/div><div class=\"vc_col-sm-6 wpb_column vc_column_container\"><div class=\"vc_column-inner\"><div class=\"wpb_wrapper\"><div class=\"wpb_text_column us_custom_15f9d3f2\"><div class=\"wpb_wrapper\"><p style=\"text-align: left;\">CCM IMPORT EXPORT este o companie rom\u00e2neasc\u0103 activ\u0103 pe pia\u021ba din Rom\u00e2nia \u0219i \u021b\u0103rile \u00eenvecinate. Oferim solu\u021bii la cheie pentru camerele curate <a href=\"https:\/\/cleanroom.ro\/ro\/despre-noi\/#iso\"><strong>ISO9 p\u00e2n\u0103 la ISO5<\/strong><\/a> conform ISO14644.<\/p>\n<\/div><\/div><div class=\"w-btn-wrapper align_center\"><a class=\"w-btn us-btn-style_2\" href=\"#iso\"><span class=\"w-btn-label\">VEZI TABELUL DE CLASIFICARE ISO<\/span><\/a><\/div><\/div><\/div><\/div><\/div><div class=\"wpb_text_column us_custom_15f9d3f2\"><div class=\"wpb_wrapper\"><p>Datorit\u0103 experien\u021bei noastre \u00een planificarea \u0219i urm\u0103rirea investi\u021biilor, acoperim o gam\u0103 larg\u0103 de servicii, de la analiz\u0103 la strategii economico-financiare, p\u00e2n\u0103 la solu\u021bii tehnice adaptate nevoilor clien\u021bilor no\u0219tri \u0219i cerin\u021belor specifice de calitate, costuri \u0219i termeni. Oferim un pachet complet de servicii, ad\u0103ug\u00e2nd plus-valoare investi\u021biilor clien\u021bilor no\u0219tri prin controlul precis al parametrilor care conduc la succes: calitate, valoare, timp, flexibilitate, managementul riscului.<\/p>\n<p>Echipa noastr\u0103 este format\u0103 din speciali\u0219ti implica\u021bi \u00een toate etapele realiz\u0103rii proiectului, analiz\u00e2nd cerin\u021bele, urm\u0103rind progresul lucr\u0103rilor, estim\u00e2nd riscurile \u0219i schimb\u0103rile, reprezent\u00e2nd profesional clien\u021bii.<\/p>\n<p><strong>\u0218tiind c\u0103 fiecare client este unic, ne asigur\u0103m c\u0103 serviciile noastre vor fi riguros adaptate proiectelor dumneavoastr\u0103.<\/strong><\/p>\n<\/div><\/div><div class=\"g-cols wpb_row via_flex valign_middle type_boxes stacking_default\"><div class=\"vc_col-sm-6 wpb_column vc_column_container\"><div class=\"vc_column-inner\"><div class=\"wpb_wrapper\"><div class=\"w-image align_none\"><div class=\"w-image-h\"><img decoding=\"async\" width=\"960\" height=\"540\" src=\"https:\/\/cleanroom.ro\/wp-content\/uploads\/2023\/06\/AARC-logo-web.jpg\" class=\"attachment-large size-large\" alt=\"\" loading=\"lazy\" srcset=\"https:\/\/cleanroom.ro\/wp-content\/uploads\/2023\/06\/AARC-logo-web.jpg 960w, https:\/\/cleanroom.ro\/wp-content\/uploads\/2023\/06\/AARC-logo-web-300x169.jpg 300w\" sizes=\"auto, (max-width: 960px) 100vw, 960px\" \/><\/div><\/div><div class=\"wpb_text_column us_custom_1b04de86\"><div class=\"wpb_wrapper\"><p style=\"text-align: center;\"><strong>Membru Fondator al Asociatiei Romane a Camerelor Curate ARCC<\/strong><\/p>\n<\/div><\/div><\/div><\/div><\/div><div class=\"vc_col-sm-6 wpb_column vc_column_container\"><div class=\"vc_column-inner\"><div class=\"wpb_wrapper\"><div class=\"w-image align_none\"><div class=\"w-image-h\"><img decoding=\"async\" width=\"960\" height=\"540\" src=\"https:\/\/cleanroom.ro\/wp-content\/uploads\/2023\/06\/ASRO-logo-web.jpg\" class=\"attachment-large size-large\" alt=\"\" loading=\"lazy\" srcset=\"https:\/\/cleanroom.ro\/wp-content\/uploads\/2023\/06\/ASRO-logo-web.jpg 960w, https:\/\/cleanroom.ro\/wp-content\/uploads\/2023\/06\/ASRO-logo-web-300x169.jpg 300w\" sizes=\"auto, (max-width: 960px) 100vw, 960px\" \/><\/div><\/div><div class=\"wpb_text_column us_custom_1b04de86\"><div class=\"wpb_wrapper\"><p style=\"text-align: center;\"><strong>Membru al Comitetului Tehnic de Standardizare pentru Camere Curate din cadrul ASRO<\/strong><\/p>\n<\/div><\/div><\/div><\/div><\/div><\/div><\/div><\/div><\/div><\/div><\/div><\/section><section class=\"l-section wpb_row us_custom_6df4bc3a has_text_color height_small\"><div class=\"l-section-overlay\" style=\"background:#074679\"><\/div><div class=\"l-section-h i-cf\"><div class=\"g-cols vc_row via_flex valign_top type_default stacking_default\"><div class=\"vc_col-sm-12 wpb_column vc_column_container\"><div class=\"vc_column-inner us_custom_b4c0c321\"><div class=\"wpb_wrapper\"><div class=\"wpb_text_column\"><div class=\"wpb_wrapper\"><h4 style=\"text-align: center;\">Datorit\u0103 colectivului nostru de speciali\u0219ti, suntem \u00een m\u0103sura s\u0103 v\u0103 oferim solu\u021bii complete \u00een func\u021bie de cerin\u021bele Dvs.<\/h4>\n<\/div><\/div><div class=\"wpb_text_column us_custom_3b8f9481\"><div class=\"wpb_wrapper\"><p style=\"text-align: center;\">Din 1998, ne-am impus \u00een diferite industrii cu implicare profesional\u0103 \u00een servicii complete CEPCMV*<br \/>\n(Consultan\u021b\u0103, Inginerie, Achizi\u021bii\/Managementul achizi\u021biilor, Managementul construc\u021biilor, Validare),<br \/>\npentru diferite domenii de activitate:<\/p>\n<\/div><\/div><div class=\"g-cols wpb_row us_custom_15f9d3f2 via_flex valign_top type_default stacking_default\"><div class=\"vc_col-sm-2 wpb_column vc_column_container\"><div class=\"vc_column-inner\"><div class=\"wpb_wrapper\"><div class=\"w-image align_center\"><div class=\"w-image-h\"><img decoding=\"async\" width=\"400\" height=\"400\" src=\"https:\/\/cleanroom.ro\/wp-content\/uploads\/2023\/10\/pharma.png\" class=\"attachment-large size-large\" alt=\"\" loading=\"lazy\" srcset=\"https:\/\/cleanroom.ro\/wp-content\/uploads\/2023\/10\/pharma.png 400w, https:\/\/cleanroom.ro\/wp-content\/uploads\/2023\/10\/pharma-300x300.png 300w, https:\/\/cleanroom.ro\/wp-content\/uploads\/2023\/10\/pharma-150x150.png 150w\" sizes=\"auto, (max-width: 400px) 100vw, 400px\" \/><\/div><\/div><div class=\"wpb_text_column us_custom_58b1af09\"><div class=\"wpb_wrapper\"><p>industriile farmaceutice si biotehnologice<\/p>\n<\/div><\/div><\/div><\/div><\/div><div class=\"vc_col-sm-2 wpb_column vc_column_container\"><div class=\"vc_column-inner\"><div class=\"wpb_wrapper\"><div class=\"w-image align_center\"><div class=\"w-image-h\"><img decoding=\"async\" width=\"400\" height=\"400\" src=\"https:\/\/cleanroom.ro\/wp-content\/uploads\/2023\/10\/agro-farm.png\" class=\"attachment-large size-large\" alt=\"\" loading=\"lazy\" srcset=\"https:\/\/cleanroom.ro\/wp-content\/uploads\/2023\/10\/agro-farm.png 400w, https:\/\/cleanroom.ro\/wp-content\/uploads\/2023\/10\/agro-farm-300x300.png 300w, https:\/\/cleanroom.ro\/wp-content\/uploads\/2023\/10\/agro-farm-150x150.png 150w\" sizes=\"auto, (max-width: 400px) 100vw, 400px\" \/><\/div><\/div><div class=\"wpb_text_column us_custom_58b1af09\"><div class=\"wpb_wrapper\"><p>industriile agro-alimentare<\/p>\n<\/div><\/div><\/div><\/div><\/div><div class=\"vc_col-sm-2 wpb_column vc_column_container\"><div class=\"vc_column-inner\"><div class=\"wpb_wrapper\"><div class=\"w-image align_center\"><div class=\"w-image-h\"><img decoding=\"async\" width=\"400\" height=\"400\" src=\"https:\/\/cleanroom.ro\/wp-content\/uploads\/2023\/10\/laboratories.png\" class=\"attachment-large size-large\" alt=\"\" loading=\"lazy\" srcset=\"https:\/\/cleanroom.ro\/wp-content\/uploads\/2023\/10\/laboratories.png 400w, https:\/\/cleanroom.ro\/wp-content\/uploads\/2023\/10\/laboratories-300x300.png 300w, https:\/\/cleanroom.ro\/wp-content\/uploads\/2023\/10\/laboratories-150x150.png 150w\" sizes=\"auto, (max-width: 400px) 100vw, 400px\" \/><\/div><\/div><div class=\"wpb_text_column us_custom_58b1af09\"><div class=\"wpb_wrapper\"><p>controlul calit\u0103\u021bii pentru diferite industrii<\/p>\n<\/div><\/div><\/div><\/div><\/div><div class=\"vc_col-sm-2 wpb_column vc_column_container\"><div class=\"vc_column-inner\"><div class=\"wpb_wrapper\"><div class=\"w-image align_center\"><div class=\"w-image-h\"><img decoding=\"async\" width=\"400\" height=\"400\" src=\"https:\/\/cleanroom.ro\/wp-content\/uploads\/2023\/10\/hi-tech.png\" class=\"attachment-large size-large\" alt=\"\" loading=\"lazy\" srcset=\"https:\/\/cleanroom.ro\/wp-content\/uploads\/2023\/10\/hi-tech.png 400w, https:\/\/cleanroom.ro\/wp-content\/uploads\/2023\/10\/hi-tech-300x300.png 300w, https:\/\/cleanroom.ro\/wp-content\/uploads\/2023\/10\/hi-tech-150x150.png 150w\" sizes=\"auto, (max-width: 400px) 100vw, 400px\" \/><\/div><\/div><div class=\"wpb_text_column us_custom_58b1af09\"><div class=\"wpb_wrapper\"><p>automotive &amp; hi-tech<\/p>\n<\/div><\/div><\/div><\/div><\/div><div class=\"vc_col-sm-2 wpb_column vc_column_container\"><div class=\"vc_column-inner\"><div class=\"wpb_wrapper\"><div class=\"w-image align_center\"><div class=\"w-image-h\"><img decoding=\"async\" width=\"400\" height=\"400\" src=\"https:\/\/cleanroom.ro\/wp-content\/uploads\/2023\/10\/hospitals.png\" class=\"attachment-large size-large\" alt=\"\" loading=\"lazy\" srcset=\"https:\/\/cleanroom.ro\/wp-content\/uploads\/2023\/10\/hospitals.png 400w, https:\/\/cleanroom.ro\/wp-content\/uploads\/2023\/10\/hospitals-300x300.png 300w, https:\/\/cleanroom.ro\/wp-content\/uploads\/2023\/10\/hospitals-150x150.png 150w\" sizes=\"auto, (max-width: 400px) 100vw, 400px\" \/><\/div><\/div><div class=\"wpb_text_column us_custom_58b1af09\"><div class=\"wpb_wrapper\"><p>s\u0103n\u0103tate public\u0103 (spitale, laboratoare)<\/p>\n<\/div><\/div><\/div><\/div><\/div><div class=\"vc_col-sm-2 wpb_column vc_column_container\"><div class=\"vc_column-inner\"><div class=\"wpb_wrapper\"><div class=\"w-image align_center\"><div class=\"w-image-h\"><img decoding=\"async\" width=\"400\" height=\"400\" src=\"https:\/\/cleanroom.ro\/wp-content\/uploads\/2023\/10\/r-and-d.png\" class=\"attachment-large size-large\" alt=\"\" loading=\"lazy\" srcset=\"https:\/\/cleanroom.ro\/wp-content\/uploads\/2023\/10\/r-and-d.png 400w, https:\/\/cleanroom.ro\/wp-content\/uploads\/2023\/10\/r-and-d-300x300.png 300w, https:\/\/cleanroom.ro\/wp-content\/uploads\/2023\/10\/r-and-d-150x150.png 150w\" sizes=\"auto, (max-width: 400px) 100vw, 400px\" \/><\/div><\/div><div class=\"wpb_text_column us_custom_58b1af09\"><div class=\"wpb_wrapper\"><p>sta\u021bii R&amp;D pentru diferite industrii<\/p>\n<\/div><\/div><\/div><\/div><\/div><\/div><\/div><\/div><\/div><\/div><\/div><\/section><section class=\"l-section wpb_row height_small\"><div class=\"l-section-h i-cf\"><div class=\"g-cols vc_row via_flex valign_top type_default stacking_default\"><div class=\"vc_col-sm-12 wpb_column vc_column_container\"><div class=\"vc_column-inner\"><div class=\"wpb_wrapper\"><div class=\"g-cols wpb_row via_flex valign_middle type_default stacking_default\"><div class=\"vc_col-sm-6 wpb_column vc_column_container\"><div class=\"vc_column-inner\"><div class=\"wpb_wrapper\"><div class=\"wpb_text_column\"><div class=\"wpb_wrapper\"><h2 style=\"text-align: right;\">Standarde:<\/h2>\n<\/div><\/div><div class=\"wpb_text_column us_custom_f03ee871\"><div class=\"wpb_wrapper\"><p>Toate lucr\u0103rile realizate de <strong>CCM IMPORT-EXPORT<\/strong> sunt \u00een conformitate cu\u00a0<strong>standardele interna\u021bionale<\/strong> \u00een domeniu:<\/p>\n<\/div><\/div><\/div><\/div><\/div><div class=\"vc_col-sm-6 wpb_column vc_column_container\"><div class=\"vc_column-inner\"><div class=\"wpb_wrapper\"><div class=\"wpb_text_column\" id=\"standarde\"><div class=\"wpb_wrapper\"><ul>\n<li>Good Manufacturing Practices (GMP)<\/li>\n<li>ISO 14644<\/li>\n<li>Good Laboratory Practices (GLP)<\/li>\n<li>Good Engineering Practices (GEP)<\/li>\n<li>Good Automatation Practices (GAP)<\/li>\n<\/ul>\n<\/div><\/div><\/div><\/div><\/div><\/div><\/div><\/div><\/div><\/div><\/div><\/section><section class=\"l-section wpb_row height_small\" id=\"iso\"><div class=\"l-section-h i-cf\"><div class=\"g-cols vc_row via_flex valign_top type_default stacking_default\"><div class=\"vc_col-sm-12 wpb_column vc_column_container\"><div class=\"vc_column-inner\"><div class=\"wpb_wrapper\"><div class=\"cq-datatable   cq-datatable-small cq-datatable-gray\"><div class=\"cq-datatable-row cq-datatable-header cq-datatable-bg-bluejeans\"><div class=\"cq-datatable-cell\" data-title=\"NUM\u0102R CLASIFICARE ISO\"> NUM\u0102R CLASIFICARE ISO <\/div><div class=\"cq-datatable-cell\" data-title=\"0,1 \u00b5m\"> 0,1 \u00b5m <\/div><div class=\"cq-datatable-cell\" data-title=\"0,2 \u00b5m\"> 0,2 \u00b5m <\/div><div class=\"cq-datatable-cell\" data-title=\"0,3 \u00b5m\"> 0,3 \u00b5m <\/div><div class=\"cq-datatable-cell\" data-title=\"0,5 \u00b5m\"> 0,5 \u00b5m <\/div><div class=\"cq-datatable-cell\" data-title=\"1 \u00b5m\"> 1 \u00b5m <\/div><div class=\"cq-datatable-cell\" data-title=\"5 \u00b5m\"> 5 \u00b5m <\/div><\/div><div class=\"cq-datatable-row cq-datatable-data\"><div class=\"cq-datatable-cell\"> ISO Class 1 <\/div><div class=\"cq-datatable-cell\"> 10 <\/div><div class=\"cq-datatable-cell\"> 2 <\/div><div class=\"cq-datatable-cell\"> - <\/div><div class=\"cq-datatable-cell\"> - <\/div><div class=\"cq-datatable-cell\"> - <\/div><div class=\"cq-datatable-cell\"> - <\/div><\/div><div class=\"cq-datatable-row cq-datatable-data\"><div class=\"cq-datatable-cell\"> ISO Class 2 <\/div><div class=\"cq-datatable-cell\"> 100 <\/div><div class=\"cq-datatable-cell\"> 24 <\/div><div class=\"cq-datatable-cell\"> 10 <\/div><div class=\"cq-datatable-cell\"> 4 <\/div><div class=\"cq-datatable-cell\"> - <\/div><div class=\"cq-datatable-cell\"> - <\/div><\/div><div class=\"cq-datatable-row cq-datatable-data\"><div class=\"cq-datatable-cell\"> ISO Class 3 <\/div><div class=\"cq-datatable-cell\"> 1000 <\/div><div class=\"cq-datatable-cell\"> 237 <\/div><div class=\"cq-datatable-cell\"> 102 <\/div><div class=\"cq-datatable-cell\"> 35 <\/div><div class=\"cq-datatable-cell\"> 8 <\/div><div class=\"cq-datatable-cell\"> - <\/div><\/div><div class=\"cq-datatable-row cq-datatable-data\"><div class=\"cq-datatable-cell\"> ISO Class 4 <\/div><div class=\"cq-datatable-cell\"> 10000 <\/div><div class=\"cq-datatable-cell\"> 2370 <\/div><div class=\"cq-datatable-cell\"> 1020 <\/div><div class=\"cq-datatable-cell\"> 352 <\/div><div class=\"cq-datatable-cell\"> 83 <\/div><div class=\"cq-datatable-cell\"> - <\/div><\/div><div class=\"cq-datatable-row cq-datatable-data\"><div class=\"cq-datatable-cell\"> ISO Class 5 <\/div><div class=\"cq-datatable-cell\"> 100000 <\/div><div class=\"cq-datatable-cell\"> 23700 <\/div><div class=\"cq-datatable-cell\"> 10200 <\/div><div class=\"cq-datatable-cell\"> 3520 <\/div><div class=\"cq-datatable-cell\"> 832 <\/div><div class=\"cq-datatable-cell\"> 29 <\/div><\/div><div class=\"cq-datatable-row cq-datatable-data\"><div class=\"cq-datatable-cell\"> ISO Class 6 <\/div><div class=\"cq-datatable-cell\"> 1000000 <\/div><div class=\"cq-datatable-cell\"> 237000 <\/div><div class=\"cq-datatable-cell\"> 102000 <\/div><div class=\"cq-datatable-cell\"> 35200 <\/div><div class=\"cq-datatable-cell\"> 8320 <\/div><div class=\"cq-datatable-cell\"> 293 <\/div><\/div><div class=\"cq-datatable-row cq-datatable-data\"><div class=\"cq-datatable-cell\"> ISO Class 7 <\/div><div class=\"cq-datatable-cell\"> - <\/div><div class=\"cq-datatable-cell\"> - <\/div><div class=\"cq-datatable-cell\"> - <\/div><div class=\"cq-datatable-cell\"> 352000 <\/div><div class=\"cq-datatable-cell\"> 83200 <\/div><div class=\"cq-datatable-cell\"> 2930 <\/div><\/div><div class=\"cq-datatable-row cq-datatable-data\"><div class=\"cq-datatable-cell\"> ISO Class 8 <\/div><div class=\"cq-datatable-cell\"> - <\/div><div class=\"cq-datatable-cell\"> - <\/div><div class=\"cq-datatable-cell\"> - <\/div><div class=\"cq-datatable-cell\"> 3520000 <\/div><div class=\"cq-datatable-cell\"> 832000 <\/div><div class=\"cq-datatable-cell\"> 29300 <\/div><\/div><div class=\"cq-datatable-row cq-datatable-data\"><div class=\"cq-datatable-cell\"> ISO Class 9 <\/div><div class=\"cq-datatable-cell\"> - <\/div><div class=\"cq-datatable-cell\"> - <\/div><div class=\"cq-datatable-cell\"> - <\/div><div class=\"cq-datatable-cell\"> 35200000 <\/div><div class=\"cq-datatable-cell\"> 8320000 <\/div><div class=\"cq-datatable-cell\"> 293000 <\/div><\/div>\n<\/div><div class=\"wpb_text_column us_custom_6f9c3709\"><div class=\"wpb_wrapper\"><p style=\"text-align: center;\"><strong>Not\u0103:<\/strong> incertitudinile legate de procesul de m\u0103surare necesit\u0103 ca datele de concentra\u021bie cu cel mult trei cifre semnificative s\u0103 fie utilizate pentru a determina nivelul de clasificare<\/p>\n<\/div><\/div><\/div><\/div><\/div><\/div><\/div><\/section>\n","protected":false},"excerpt":{"rendered":"CCM IMPORT EXPORT este o companie rom\u00e2neasc\u0103 activ\u0103 pe pia\u021ba din Rom\u00e2nia \u0219i \u021b\u0103rile \u00eenvecinate. Oferim solu\u021bii la cheie pentru camerele curate ISO9 p\u00e2n\u0103 la ISO5 conform ISO14644. VEZI TABELUL DE CLASIFICARE ISODatorit\u0103 experien\u021bei noastre \u00een planificarea \u0219i urm\u0103rirea investi\u021biilor, acoperim o gam\u0103 larg\u0103 de servicii, de la analiz\u0103 la strategii economico-financiare, p\u00e2n\u0103 la solu\u021bii...","protected":false},"author":1,"featured_media":0,"parent":0,"menu_order":0,"comment_status":"closed","ping_status":"closed","template":"","meta":{"footnotes":""},"class_list":["post-89","page","type-page","status-publish","hentry"],"_links":{"self":[{"href":"https:\/\/cleanroom.ro\/ro\/wp-json\/wp\/v2\/pages\/89","targetHints":{"allow":["GET"]}}],"collection":[{"href":"https:\/\/cleanroom.ro\/ro\/wp-json\/wp\/v2\/pages"}],"about":[{"href":"https:\/\/cleanroom.ro\/ro\/wp-json\/wp\/v2\/types\/page"}],"author":[{"embeddable":true,"href":"https:\/\/cleanroom.ro\/ro\/wp-json\/wp\/v2\/users\/1"}],"replies":[{"embeddable":true,"href":"https:\/\/cleanroom.ro\/ro\/wp-json\/wp\/v2\/comments?post=89"}],"version-history":[{"count":36,"href":"https:\/\/cleanroom.ro\/ro\/wp-json\/wp\/v2\/pages\/89\/revisions"}],"predecessor-version":[{"id":1365,"href":"https:\/\/cleanroom.ro\/ro\/wp-json\/wp\/v2\/pages\/89\/revisions\/1365"}],"wp:attachment":[{"href":"https:\/\/cleanroom.ro\/ro\/wp-json\/wp\/v2\/media?parent=89"}],"curies":[{"name":"wp","href":"https:\/\/api.w.org\/{rel}","templated":true}]}}